{"id":1165,"date":"2023-07-19T15:07:40","date_gmt":"2023-07-19T12:07:40","guid":{"rendered":"https:\/\/repa.ee\/product\/grouses-nest-kanafileeta-ja-sienia-sipulin-kanssa-paistettuja-perunoita-opiata-viiriaisen-munia\/"},"modified":"2023-12-12T21:21:22","modified_gmt":"2023-12-12T18:21:22","slug":"gnezdo-gluharya-kurinoe-file-i-shampinony-s-lukom-zharenyj-kartofel-opyata-perepelinye-yajcza","status":"publish","type":"product","link":"https:\/\/repa.ee\/fi\/tuote\/gnezdo-gluharya-kurinoe-file-i-shampinony-s-lukom-zharenyj-kartofel-opyata-perepelinye-yajcza\/","title":{"rendered":"\u201dMetson pes\u00e4\u201d &#8211; kananlihaa ja herkkusieni\u00e4 sipulin kera, paistettuja perunoita, hunajasieni\u00e4, viiri\u00e4isen munia"},"content":{"rendered":"","protected":false},"excerpt":{"rendered":"","protected":false},"featured_media":1580,"comment_status":"open","ping_status":"closed","template":"","meta":{"_acf_changed":false},"product_brand":[],"product_cat":[86],"product_tag":[],"class_list":{"0":"post-1165","1":"product","2":"type-product","3":"status-publish","4":"has-post-thumbnail","6":"product_cat-salatid-fi-2","8":"first","9":"instock","10":"shipping-taxable","11":"purchasable","12":"product-type-simple"},"acf":[],"yoast_head":"<!-- This site is optimized with the Yoast SEO plugin v25.4 - https:\/\/yoast.com\/wordpress\/plugins\/seo\/ -->\n<title>\u201dMetson pes\u00e4\u201d - kananlihaa ja herkkusieni\u00e4 sipulin kera, paistettuja perunoita, hunajasieni\u00e4, viiri\u00e4isen munia - Repa<\/title>\n<meta name=\"robots\" content=\"index, follow, max-snippet:-1, max-image-preview:large, max-video-preview:-1\" \/>\n<link rel=\"canonical\" href=\"https:\/\/repa.ee\/fi\/tuote\/gnezdo-gluharya-kurinoe-file-i-shampinony-s-lukom-zharenyj-kartofel-opyata-perepelinye-yajcza\/\" \/>\n<meta property=\"og:locale\" content=\"fi_FI\" \/>\n<meta property=\"og:type\" content=\"article\" \/>\n<meta property=\"og:title\" content=\"\u201dMetson pes\u00e4\u201d - kananlihaa ja herkkusieni\u00e4 sipulin kera, paistettuja perunoita, hunajasieni\u00e4, viiri\u00e4isen munia - Repa\" \/>\n<meta property=\"og:url\" content=\"https:\/\/repa.ee\/fi\/tuote\/gnezdo-gluharya-kurinoe-file-i-shampinony-s-lukom-zharenyj-kartofel-opyata-perepelinye-yajcza\/\" \/>\n<meta property=\"og:site_name\" content=\"Repa\" \/>\n<meta property=\"article:publisher\" content=\"https:\/\/www.facebook.com\/Reparestoran\" \/>\n<meta property=\"article:modified_time\" content=\"2023-12-12T18:21:22+00:00\" \/>\n<meta property=\"og:image\" content=\"https:\/\/repa.ee\/wp-content\/uploads\/2023\/07\/13.webp\" \/>\n\t<meta property=\"og:image:width\" content=\"1500\" \/>\n\t<meta property=\"og:image:height\" content=\"1500\" \/>\n\t<meta property=\"og:image:type\" content=\"image\/webp\" \/>\n<meta name=\"twitter:card\" content=\"summary_large_image\" \/>\n<script type=\"application\/ld+json\" class=\"yoast-schema-graph\">{\"@context\":\"https:\/\/schema.org\",\"@graph\":[{\"@type\":\"WebPage\",\"@id\":\"https:\/\/repa.ee\/fi\/tuote\/gnezdo-gluharya-kurinoe-file-i-shampinony-s-lukom-zharenyj-kartofel-opyata-perepelinye-yajcza\/\",\"url\":\"https:\/\/repa.ee\/fi\/tuote\/gnezdo-gluharya-kurinoe-file-i-shampinony-s-lukom-zharenyj-kartofel-opyata-perepelinye-yajcza\/\",\"name\":\"\u201dMetson pes\u00e4\u201d - kananlihaa ja herkkusieni\u00e4 sipulin kera, paistettuja perunoita, hunajasieni\u00e4, viiri\u00e4isen munia - Repa\",\"isPartOf\":{\"@id\":\"https:\/\/repa.ee\/fi\/#website\"},\"primaryImageOfPage\":{\"@id\":\"https:\/\/repa.ee\/fi\/tuote\/gnezdo-gluharya-kurinoe-file-i-shampinony-s-lukom-zharenyj-kartofel-opyata-perepelinye-yajcza\/#primaryimage\"},\"image\":{\"@id\":\"https:\/\/repa.ee\/fi\/tuote\/gnezdo-gluharya-kurinoe-file-i-shampinony-s-lukom-zharenyj-kartofel-opyata-perepelinye-yajcza\/#primaryimage\"},\"thumbnailUrl\":\"https:\/\/repa.ee\/wp-content\/uploads\/2023\/07\/13.webp\",\"datePublished\":\"2023-07-19T12:07:40+00:00\",\"dateModified\":\"2023-12-12T18:21:22+00:00\",\"breadcrumb\":{\"@id\":\"https:\/\/repa.ee\/fi\/tuote\/gnezdo-gluharya-kurinoe-file-i-shampinony-s-lukom-zharenyj-kartofel-opyata-perepelinye-yajcza\/#breadcrumb\"},\"inLanguage\":\"fi\",\"potentialAction\":[{\"@type\":\"ReadAction\",\"target\":[\"https:\/\/repa.ee\/fi\/tuote\/gnezdo-gluharya-kurinoe-file-i-shampinony-s-lukom-zharenyj-kartofel-opyata-perepelinye-yajcza\/\"]}]},{\"@type\":\"ImageObject\",\"inLanguage\":\"fi\",\"@id\":\"https:\/\/repa.ee\/fi\/tuote\/gnezdo-gluharya-kurinoe-file-i-shampinony-s-lukom-zharenyj-kartofel-opyata-perepelinye-yajcza\/#primaryimage\",\"url\":\"https:\/\/repa.ee\/wp-content\/uploads\/2023\/07\/13.webp\",\"contentUrl\":\"https:\/\/repa.ee\/wp-content\/uploads\/2023\/07\/13.webp\",\"width\":1500,\"height\":1500},{\"@type\":\"BreadcrumbList\",\"@id\":\"https:\/\/repa.ee\/fi\/tuote\/gnezdo-gluharya-kurinoe-file-i-shampinony-s-lukom-zharenyj-kartofel-opyata-perepelinye-yajcza\/#breadcrumb\",\"itemListElement\":[{\"@type\":\"ListItem\",\"position\":1,\"name\":\"\u0413\u043b\u0430\u0432\u043d\u0430\u044f \u0441\u0442\u0440\u0430\u043d\u0438\u0446\u0430\",\"item\":\"https:\/\/repa.ee\/fi\/\"},{\"@type\":\"ListItem\",\"position\":2,\"name\":\"Valikko\",\"item\":\"https:\/\/repa.ee\/valikko\/\"},{\"@type\":\"ListItem\",\"position\":3,\"name\":\"\u201dMetson pes\u00e4\u201d &#8211; kananlihaa ja herkkusieni\u00e4 sipulin kera, paistettuja perunoita, hunajasieni\u00e4, viiri\u00e4isen munia\"}]},{\"@type\":\"WebSite\",\"@id\":\"https:\/\/repa.ee\/fi\/#website\",\"url\":\"https:\/\/repa.ee\/fi\/\",\"name\":\"Repa\",\"description\":\"\",\"publisher\":{\"@id\":\"https:\/\/repa.ee\/fi\/#organization\"},\"potentialAction\":[{\"@type\":\"SearchAction\",\"target\":{\"@type\":\"EntryPoint\",\"urlTemplate\":\"https:\/\/repa.ee\/fi\/?s={search_term_string}\"},\"query-input\":{\"@type\":\"PropertyValueSpecification\",\"valueRequired\":true,\"valueName\":\"search_term_string\"}}],\"inLanguage\":\"fi\"},{\"@type\":\"Organization\",\"@id\":\"https:\/\/repa.ee\/fi\/#organization\",\"name\":\"Repa\",\"url\":\"https:\/\/repa.ee\/fi\/\",\"logo\":{\"@type\":\"ImageObject\",\"inLanguage\":\"fi\",\"@id\":\"https:\/\/repa.ee\/fi\/#\/schema\/logo\/image\/\",\"url\":\"https:\/\/repa.ee\/wp-content\/uploads\/2023\/06\/repa2-1.png\",\"contentUrl\":\"https:\/\/repa.ee\/wp-content\/uploads\/2023\/06\/repa2-1.png\",\"width\":1011,\"height\":1045,\"caption\":\"Repa\"},\"image\":{\"@id\":\"https:\/\/repa.ee\/fi\/#\/schema\/logo\/image\/\"},\"sameAs\":[\"https:\/\/www.facebook.com\/Reparestoran\",\"https:\/\/www.instagram.com\/reparestoran\/\"]}]}<\/script>\n<!-- \/ Yoast SEO plugin. -->","yoast_head_json":{"title":"\u201dMetson pes\u00e4\u201d - kananlihaa ja herkkusieni\u00e4 sipulin kera, paistettuja perunoita, hunajasieni\u00e4, viiri\u00e4isen munia - Repa","robots":{"index":"index","follow":"follow","max-snippet":"max-snippet:-1","max-image-preview":"max-image-preview:large","max-video-preview":"max-video-preview:-1"},"canonical":"https:\/\/repa.ee\/fi\/tuote\/gnezdo-gluharya-kurinoe-file-i-shampinony-s-lukom-zharenyj-kartofel-opyata-perepelinye-yajcza\/","og_locale":"fi_FI","og_type":"article","og_title":"\u201dMetson pes\u00e4\u201d - kananlihaa ja herkkusieni\u00e4 sipulin kera, paistettuja perunoita, hunajasieni\u00e4, viiri\u00e4isen munia - Repa","og_url":"https:\/\/repa.ee\/fi\/tuote\/gnezdo-gluharya-kurinoe-file-i-shampinony-s-lukom-zharenyj-kartofel-opyata-perepelinye-yajcza\/","og_site_name":"Repa","article_publisher":"https:\/\/www.facebook.com\/Reparestoran","article_modified_time":"2023-12-12T18:21:22+00:00","og_image":[{"width":1500,"height":1500,"url":"https:\/\/repa.ee\/wp-content\/uploads\/2023\/07\/13.webp","type":"image\/webp"}],"twitter_card":"summary_large_image","schema":{"@context":"https:\/\/schema.org","@graph":[{"@type":"WebPage","@id":"https:\/\/repa.ee\/fi\/tuote\/gnezdo-gluharya-kurinoe-file-i-shampinony-s-lukom-zharenyj-kartofel-opyata-perepelinye-yajcza\/","url":"https:\/\/repa.ee\/fi\/tuote\/gnezdo-gluharya-kurinoe-file-i-shampinony-s-lukom-zharenyj-kartofel-opyata-perepelinye-yajcza\/","name":"\u201dMetson pes\u00e4\u201d - kananlihaa ja herkkusieni\u00e4 sipulin kera, paistettuja perunoita, hunajasieni\u00e4, viiri\u00e4isen munia - Repa","isPartOf":{"@id":"https:\/\/repa.ee\/fi\/#website"},"primaryImageOfPage":{"@id":"https:\/\/repa.ee\/fi\/tuote\/gnezdo-gluharya-kurinoe-file-i-shampinony-s-lukom-zharenyj-kartofel-opyata-perepelinye-yajcza\/#primaryimage"},"image":{"@id":"https:\/\/repa.ee\/fi\/tuote\/gnezdo-gluharya-kurinoe-file-i-shampinony-s-lukom-zharenyj-kartofel-opyata-perepelinye-yajcza\/#primaryimage"},"thumbnailUrl":"https:\/\/repa.ee\/wp-content\/uploads\/2023\/07\/13.webp","datePublished":"2023-07-19T12:07:40+00:00","dateModified":"2023-12-12T18:21:22+00:00","breadcrumb":{"@id":"https:\/\/repa.ee\/fi\/tuote\/gnezdo-gluharya-kurinoe-file-i-shampinony-s-lukom-zharenyj-kartofel-opyata-perepelinye-yajcza\/#breadcrumb"},"inLanguage":"fi","potentialAction":[{"@type":"ReadAction","target":["https:\/\/repa.ee\/fi\/tuote\/gnezdo-gluharya-kurinoe-file-i-shampinony-s-lukom-zharenyj-kartofel-opyata-perepelinye-yajcza\/"]}]},{"@type":"ImageObject","inLanguage":"fi","@id":"https:\/\/repa.ee\/fi\/tuote\/gnezdo-gluharya-kurinoe-file-i-shampinony-s-lukom-zharenyj-kartofel-opyata-perepelinye-yajcza\/#primaryimage","url":"https:\/\/repa.ee\/wp-content\/uploads\/2023\/07\/13.webp","contentUrl":"https:\/\/repa.ee\/wp-content\/uploads\/2023\/07\/13.webp","width":1500,"height":1500},{"@type":"BreadcrumbList","@id":"https:\/\/repa.ee\/fi\/tuote\/gnezdo-gluharya-kurinoe-file-i-shampinony-s-lukom-zharenyj-kartofel-opyata-perepelinye-yajcza\/#breadcrumb","itemListElement":[{"@type":"ListItem","position":1,"name":"\u0413\u043b\u0430\u0432\u043d\u0430\u044f \u0441\u0442\u0440\u0430\u043d\u0438\u0446\u0430","item":"https:\/\/repa.ee\/fi\/"},{"@type":"ListItem","position":2,"name":"Valikko","item":"https:\/\/repa.ee\/valikko\/"},{"@type":"ListItem","position":3,"name":"\u201dMetson pes\u00e4\u201d &#8211; kananlihaa ja herkkusieni\u00e4 sipulin kera, paistettuja perunoita, hunajasieni\u00e4, viiri\u00e4isen munia"}]},{"@type":"WebSite","@id":"https:\/\/repa.ee\/fi\/#website","url":"https:\/\/repa.ee\/fi\/","name":"Repa","description":"","publisher":{"@id":"https:\/\/repa.ee\/fi\/#organization"},"potentialAction":[{"@type":"SearchAction","target":{"@type":"EntryPoint","urlTemplate":"https:\/\/repa.ee\/fi\/?s={search_term_string}"},"query-input":{"@type":"PropertyValueSpecification","valueRequired":true,"valueName":"search_term_string"}}],"inLanguage":"fi"},{"@type":"Organization","@id":"https:\/\/repa.ee\/fi\/#organization","name":"Repa","url":"https:\/\/repa.ee\/fi\/","logo":{"@type":"ImageObject","inLanguage":"fi","@id":"https:\/\/repa.ee\/fi\/#\/schema\/logo\/image\/","url":"https:\/\/repa.ee\/wp-content\/uploads\/2023\/06\/repa2-1.png","contentUrl":"https:\/\/repa.ee\/wp-content\/uploads\/2023\/06\/repa2-1.png","width":1011,"height":1045,"caption":"Repa"},"image":{"@id":"https:\/\/repa.ee\/fi\/#\/schema\/logo\/image\/"},"sameAs":["https:\/\/www.facebook.com\/Reparestoran","https:\/\/www.instagram.com\/reparestoran\/"]}]}},"_links":{"self":[{"href":"https:\/\/repa.ee\/fi\/wp-json\/wp\/v2\/product\/1165","targetHints":{"allow":["GET"]}}],"collection":[{"href":"https:\/\/repa.ee\/fi\/wp-json\/wp\/v2\/product"}],"about":[{"href":"https:\/\/repa.ee\/fi\/wp-json\/wp\/v2\/types\/product"}],"replies":[{"embeddable":true,"href":"https:\/\/repa.ee\/fi\/wp-json\/wp\/v2\/comments?post=1165"}],"wp:featuredmedia":[{"embeddable":true,"href":"https:\/\/repa.ee\/fi\/wp-json\/wp\/v2\/media\/1580"}],"wp:attachment":[{"href":"https:\/\/repa.ee\/fi\/wp-json\/wp\/v2\/media?parent=1165"}],"wp:term":[{"taxonomy":"product_brand","embeddable":true,"href":"https:\/\/repa.ee\/fi\/wp-json\/wp\/v2\/product_brand?post=1165"},{"taxonomy":"product_cat","embeddable":true,"href":"https:\/\/repa.ee\/fi\/wp-json\/wp\/v2\/product_cat?post=1165"},{"taxonomy":"product_tag","embeddable":true,"href":"https:\/\/repa.ee\/fi\/wp-json\/wp\/v2\/product_tag?post=1165"}],"curies":[{"name":"wp","href":"https:\/\/api.w.org\/{rel}","templated":true}]}}